{"id":376,"date":"2025-07-22T07:27:55","date_gmt":"2025-07-22T04:27:55","guid":{"rendered":"https:\/\/officehunters.lt\/paslaugos\/"},"modified":"2025-12-22T18:21:33","modified_gmt":"2025-12-22T16:21:33","slug":"services","status":"publish","type":"page","link":"https:\/\/officehunters.lt\/en\/services\/","title":{"rendered":"Our services"},"content":{"rendered":"\n<p>Real estate decisions are a time- and cost-intensive process. When choosing to search for office or other commercial premises independently, there is a risk that the process may turn into a real headache: the search may become prolonged, while the desired result remains out of reach. That is why we recommend focusing your time on your core business and entrusting the complexities of commercial real estate searches to us.<\/p>\n","protected":false},"excerpt":{"rendered":"<p>Real estate decisions are a time- and cost-intensive process. When choosing to search for office or other commercial premises independently, there is a risk that the process may turn into a real headache: the search may become prolonged, while the desired result remains out of reach. That is why we recommend focusing your time on [&hellip;]<\/p>\n","protected":false},"author":1,"featured_media":624,"parent":0,"menu_order":0,"comment_status":"closed","ping_status":"closed","template":"template-services.php","meta":{"_acf_changed":false,"inline_featured_image":false,"footnotes":""},"class_list":["post-376","page","type-page","status-publish","has-post-thumbnail","hentry"],"acf":[],"yoast_head":"<!-- This site is optimized with the Yoast SEO plugin v27.4 - https:\/\/yoast.com\/product\/yoast-seo-wordpress\/ -->\n<title>Our services | Office Hunters<\/title>\n<meta name=\"robots\" content=\"index, follow, max-snippet:-1, max-image-preview:large, max-video-preview:-1\" \/>\n<link rel=\"canonical\" href=\"https:\/\/officehunters.lt\/en\/services\/\" \/>\n<meta property=\"og:locale\" content=\"en_US\" \/>\n<meta property=\"og:type\" content=\"article\" \/>\n<meta property=\"og:title\" content=\"Our services | Office Hunters\" \/>\n<meta property=\"og:description\" content=\"Real estate decisions are a time- and cost-intensive process. When choosing to search for office or other commercial premises independently, there is a risk that the process may turn into a real headache: the search may become prolonged, while the desired result remains out of reach. That is why we recommend focusing your time on [&hellip;]\" \/>\n<meta property=\"og:url\" content=\"https:\/\/officehunters.lt\/en\/services\/\" \/>\n<meta property=\"og:site_name\" content=\"Office Hunters\" \/>\n<meta property=\"article:publisher\" content=\"https:\/\/www.facebook.com\/profile.php?id=61582927622258\" \/>\n<meta property=\"article:modified_time\" content=\"2025-12-22T16:21:33+00:00\" \/>\n<meta property=\"og:image\" content=\"https:\/\/officehunters.lt\/wp-content\/uploads\/2025\/10\/Domaseviciaus9_01.jpg\" \/>\n\t<meta property=\"og:image:width\" content=\"2400\" \/>\n\t<meta property=\"og:image:height\" content=\"1597\" \/>\n\t<meta property=\"og:image:type\" content=\"image\/jpeg\" \/>\n<meta name=\"twitter:card\" content=\"summary_large_image\" \/>\n<meta name=\"twitter:label1\" content=\"Est. reading time\" \/>\n\t<meta name=\"twitter:data1\" content=\"1 minute\" \/>\n<script type=\"application\/ld+json\" class=\"yoast-schema-graph\">{\"@context\":\"https:\\\/\\\/schema.org\",\"@graph\":[{\"@type\":\"WebPage\",\"@id\":\"https:\\\/\\\/officehunters.lt\\\/en\\\/services\\\/\",\"url\":\"https:\\\/\\\/officehunters.lt\\\/en\\\/services\\\/\",\"name\":\"Our services | Office Hunters\",\"isPartOf\":{\"@id\":\"https:\\\/\\\/officehunters.lt\\\/en\\\/#website\"},\"primaryImageOfPage\":{\"@id\":\"https:\\\/\\\/officehunters.lt\\\/en\\\/services\\\/#primaryimage\"},\"image\":{\"@id\":\"https:\\\/\\\/officehunters.lt\\\/en\\\/services\\\/#primaryimage\"},\"thumbnailUrl\":\"https:\\\/\\\/officehunters.lt\\\/wp-content\\\/uploads\\\/2025\\\/10\\\/Domaseviciaus9_01.jpg\",\"datePublished\":\"2025-07-22T04:27:55+00:00\",\"dateModified\":\"2025-12-22T16:21:33+00:00\",\"breadcrumb\":{\"@id\":\"https:\\\/\\\/officehunters.lt\\\/en\\\/services\\\/#breadcrumb\"},\"inLanguage\":\"en-US\",\"potentialAction\":[{\"@type\":\"ReadAction\",\"target\":[\"https:\\\/\\\/officehunters.lt\\\/en\\\/services\\\/\"]}]},{\"@type\":\"ImageObject\",\"inLanguage\":\"en-US\",\"@id\":\"https:\\\/\\\/officehunters.lt\\\/en\\\/services\\\/#primaryimage\",\"url\":\"https:\\\/\\\/officehunters.lt\\\/wp-content\\\/uploads\\\/2025\\\/10\\\/Domaseviciaus9_01.jpg\",\"contentUrl\":\"https:\\\/\\\/officehunters.lt\\\/wp-content\\\/uploads\\\/2025\\\/10\\\/Domaseviciaus9_01.jpg\",\"width\":2400,\"height\":1597},{\"@type\":\"BreadcrumbList\",\"@id\":\"https:\\\/\\\/officehunters.lt\\\/en\\\/services\\\/#breadcrumb\",\"itemListElement\":[{\"@type\":\"ListItem\",\"position\":1,\"name\":\"Home\",\"item\":\"https:\\\/\\\/officehunters.lt\\\/en\\\/\"},{\"@type\":\"ListItem\",\"position\":2,\"name\":\"Our services\"}]},{\"@type\":\"WebSite\",\"@id\":\"https:\\\/\\\/officehunters.lt\\\/en\\\/#website\",\"url\":\"https:\\\/\\\/officehunters.lt\\\/en\\\/\",\"name\":\"Office Hunters\",\"description\":\"J\u016bs\u0173 biuras \u2013 m\u016bs\u0173 r\u016bpestis!\",\"publisher\":{\"@id\":\"https:\\\/\\\/officehunters.lt\\\/en\\\/#organization\"},\"potentialAction\":[{\"@type\":\"SearchAction\",\"target\":{\"@type\":\"EntryPoint\",\"urlTemplate\":\"https:\\\/\\\/officehunters.lt\\\/en\\\/?s={search_term_string}\"},\"query-input\":{\"@type\":\"PropertyValueSpecification\",\"valueRequired\":true,\"valueName\":\"search_term_string\"}}],\"inLanguage\":\"en-US\"},{\"@type\":\"Organization\",\"@id\":\"https:\\\/\\\/officehunters.lt\\\/en\\\/#organization\",\"name\":\"Office Hunters\",\"url\":\"https:\\\/\\\/officehunters.lt\\\/en\\\/\",\"logo\":{\"@type\":\"ImageObject\",\"inLanguage\":\"en-US\",\"@id\":\"https:\\\/\\\/officehunters.lt\\\/en\\\/#\\\/schema\\\/logo\\\/image\\\/\",\"url\":\"https:\\\/\\\/officehunters.lt\\\/wp-content\\\/uploads\\\/2025\\\/07\\\/office-hunters-black-logo.svg\",\"contentUrl\":\"https:\\\/\\\/officehunters.lt\\\/wp-content\\\/uploads\\\/2025\\\/07\\\/office-hunters-black-logo.svg\",\"width\":610,\"height\":125,\"caption\":\"Office Hunters\"},\"image\":{\"@id\":\"https:\\\/\\\/officehunters.lt\\\/en\\\/#\\\/schema\\\/logo\\\/image\\\/\"},\"sameAs\":[\"https:\\\/\\\/www.facebook.com\\\/profile.php?id=61582927622258\",\"https:\\\/\\\/www.instagram.com\\\/office_hunters_lithuania\\\/\",\"https:\\\/\\\/www.linkedin.com\\\/company\\\/office-hunters-lithuania\\\/\"]}]}<\/script>\n<!-- \/ Yoast SEO plugin. -->","yoast_head_json":{"title":"Our services | Office Hunters","robots":{"index":"index","follow":"follow","max-snippet":"max-snippet:-1","max-image-preview":"max-image-preview:large","max-video-preview":"max-video-preview:-1"},"canonical":"https:\/\/officehunters.lt\/en\/services\/","og_locale":"en_US","og_type":"article","og_title":"Our services | Office Hunters","og_description":"Real estate decisions are a time- and cost-intensive process. When choosing to search for office or other commercial premises independently, there is a risk that the process may turn into a real headache: the search may become prolonged, while the desired result remains out of reach. That is why we recommend focusing your time on [&hellip;]","og_url":"https:\/\/officehunters.lt\/en\/services\/","og_site_name":"Office Hunters","article_publisher":"https:\/\/www.facebook.com\/profile.php?id=61582927622258","article_modified_time":"2025-12-22T16:21:33+00:00","og_image":[{"width":2400,"height":1597,"url":"https:\/\/officehunters.lt\/wp-content\/uploads\/2025\/10\/Domaseviciaus9_01.jpg","type":"image\/jpeg"}],"twitter_card":"summary_large_image","twitter_misc":{"Est. reading time":"1 minute"},"schema":{"@context":"https:\/\/schema.org","@graph":[{"@type":"WebPage","@id":"https:\/\/officehunters.lt\/en\/services\/","url":"https:\/\/officehunters.lt\/en\/services\/","name":"Our services | Office Hunters","isPartOf":{"@id":"https:\/\/officehunters.lt\/en\/#website"},"primaryImageOfPage":{"@id":"https:\/\/officehunters.lt\/en\/services\/#primaryimage"},"image":{"@id":"https:\/\/officehunters.lt\/en\/services\/#primaryimage"},"thumbnailUrl":"https:\/\/officehunters.lt\/wp-content\/uploads\/2025\/10\/Domaseviciaus9_01.jpg","datePublished":"2025-07-22T04:27:55+00:00","dateModified":"2025-12-22T16:21:33+00:00","breadcrumb":{"@id":"https:\/\/officehunters.lt\/en\/services\/#breadcrumb"},"inLanguage":"en-US","potentialAction":[{"@type":"ReadAction","target":["https:\/\/officehunters.lt\/en\/services\/"]}]},{"@type":"ImageObject","inLanguage":"en-US","@id":"https:\/\/officehunters.lt\/en\/services\/#primaryimage","url":"https:\/\/officehunters.lt\/wp-content\/uploads\/2025\/10\/Domaseviciaus9_01.jpg","contentUrl":"https:\/\/officehunters.lt\/wp-content\/uploads\/2025\/10\/Domaseviciaus9_01.jpg","width":2400,"height":1597},{"@type":"BreadcrumbList","@id":"https:\/\/officehunters.lt\/en\/services\/#breadcrumb","itemListElement":[{"@type":"ListItem","position":1,"name":"Home","item":"https:\/\/officehunters.lt\/en\/"},{"@type":"ListItem","position":2,"name":"Our services"}]},{"@type":"WebSite","@id":"https:\/\/officehunters.lt\/en\/#website","url":"https:\/\/officehunters.lt\/en\/","name":"Office Hunters","description":"J\u016bs\u0173 biuras \u2013 m\u016bs\u0173 r\u016bpestis!","publisher":{"@id":"https:\/\/officehunters.lt\/en\/#organization"},"potentialAction":[{"@type":"SearchAction","target":{"@type":"EntryPoint","urlTemplate":"https:\/\/officehunters.lt\/en\/?s={search_term_string}"},"query-input":{"@type":"PropertyValueSpecification","valueRequired":true,"valueName":"search_term_string"}}],"inLanguage":"en-US"},{"@type":"Organization","@id":"https:\/\/officehunters.lt\/en\/#organization","name":"Office Hunters","url":"https:\/\/officehunters.lt\/en\/","logo":{"@type":"ImageObject","inLanguage":"en-US","@id":"https:\/\/officehunters.lt\/en\/#\/schema\/logo\/image\/","url":"https:\/\/officehunters.lt\/wp-content\/uploads\/2025\/07\/office-hunters-black-logo.svg","contentUrl":"https:\/\/officehunters.lt\/wp-content\/uploads\/2025\/07\/office-hunters-black-logo.svg","width":610,"height":125,"caption":"Office Hunters"},"image":{"@id":"https:\/\/officehunters.lt\/en\/#\/schema\/logo\/image\/"},"sameAs":["https:\/\/www.facebook.com\/profile.php?id=61582927622258","https:\/\/www.instagram.com\/office_hunters_lithuania\/","https:\/\/www.linkedin.com\/company\/office-hunters-lithuania\/"]}]}},"_links":{"self":[{"href":"https:\/\/officehunters.lt\/en\/wp-json\/wp\/v2\/pages\/376","targetHints":{"allow":["GET"]}}],"collection":[{"href":"https:\/\/officehunters.lt\/en\/wp-json\/wp\/v2\/pages"}],"about":[{"href":"https:\/\/officehunters.lt\/en\/wp-json\/wp\/v2\/types\/page"}],"author":[{"embeddable":true,"href":"https:\/\/officehunters.lt\/en\/wp-json\/wp\/v2\/users\/1"}],"replies":[{"embeddable":true,"href":"https:\/\/officehunters.lt\/en\/wp-json\/wp\/v2\/comments?post=376"}],"version-history":[{"count":4,"href":"https:\/\/officehunters.lt\/en\/wp-json\/wp\/v2\/pages\/376\/revisions"}],"predecessor-version":[{"id":929,"href":"https:\/\/officehunters.lt\/en\/wp-json\/wp\/v2\/pages\/376\/revisions\/929"}],"wp:featuredmedia":[{"embeddable":true,"href":"https:\/\/officehunters.lt\/en\/wp-json\/wp\/v2\/media\/624"}],"wp:attachment":[{"href":"https:\/\/officehunters.lt\/en\/wp-json\/wp\/v2\/media?parent=376"}],"curies":[{"name":"wp","href":"https:\/\/api.w.org\/{rel}","templated":true}]}}