{"id":372,"date":"2025-07-29T08:24:39","date_gmt":"2025-07-29T08:24:39","guid":{"rendered":"https:\/\/officehunters.lt\/noru-sarasas\/"},"modified":"2025-08-15T10:58:19","modified_gmt":"2025-08-15T10:58:19","slug":"whishlist","status":"publish","type":"page","link":"https:\/\/officehunters.lt\/en\/whishlist\/","title":{"rendered":"Whishlist"},"content":{"rendered":"","protected":false},"excerpt":{"rendered":"","protected":false},"author":1,"featured_media":0,"parent":0,"menu_order":0,"comment_status":"closed","ping_status":"closed","template":"template-whishlist.php","meta":{"_acf_changed":false,"inline_featured_image":false,"footnotes":""},"class_list":["post-372","page","type-page","status-publish","hentry"],"acf":[],"yoast_head":"<!-- This site is optimized with the Yoast SEO plugin v27.4 - https:\/\/yoast.com\/product\/yoast-seo-wordpress\/ -->\n<title>Whishlist | Office Hunters<\/title>\n<meta name=\"robots\" content=\"index, follow, max-snippet:-1, max-image-preview:large, max-video-preview:-1\" \/>\n<link rel=\"canonical\" href=\"https:\/\/officehunters.lt\/en\/whishlist\/\" \/>\n<meta property=\"og:locale\" content=\"en_US\" \/>\n<meta property=\"og:type\" content=\"article\" \/>\n<meta property=\"og:title\" content=\"Whishlist | Office Hunters\" \/>\n<meta property=\"og:url\" content=\"https:\/\/officehunters.lt\/en\/whishlist\/\" \/>\n<meta property=\"og:site_name\" content=\"Office Hunters\" \/>\n<meta property=\"article:publisher\" content=\"https:\/\/www.facebook.com\/profile.php?id=61582927622258\" \/>\n<meta property=\"article:modified_time\" content=\"2025-08-15T10:58:19+00:00\" \/>\n<meta property=\"og:image\" content=\"https:\/\/officehunters.lt\/wp-content\/uploads\/2025\/07\/Office-Hunters.jpg\" \/>\n\t<meta property=\"og:image:width\" content=\"1366\" \/>\n\t<meta property=\"og:image:height\" content=\"1272\" \/>\n\t<meta property=\"og:image:type\" content=\"image\/jpeg\" \/>\n<meta name=\"twitter:card\" content=\"summary_large_image\" \/>\n<script type=\"application\/ld+json\" class=\"yoast-schema-graph\">{\"@context\":\"https:\\\/\\\/schema.org\",\"@graph\":[{\"@type\":\"WebPage\",\"@id\":\"https:\\\/\\\/officehunters.lt\\\/en\\\/whishlist\\\/\",\"url\":\"https:\\\/\\\/officehunters.lt\\\/en\\\/whishlist\\\/\",\"name\":\"Whishlist | Office Hunters\",\"isPartOf\":{\"@id\":\"https:\\\/\\\/officehunters.lt\\\/en\\\/#website\"},\"datePublished\":\"2025-07-29T08:24:39+00:00\",\"dateModified\":\"2025-08-15T10:58:19+00:00\",\"breadcrumb\":{\"@id\":\"https:\\\/\\\/officehunters.lt\\\/en\\\/whishlist\\\/#breadcrumb\"},\"inLanguage\":\"en-US\",\"potentialAction\":[{\"@type\":\"ReadAction\",\"target\":[\"https:\\\/\\\/officehunters.lt\\\/en\\\/whishlist\\\/\"]}]},{\"@type\":\"BreadcrumbList\",\"@id\":\"https:\\\/\\\/officehunters.lt\\\/en\\\/whishlist\\\/#breadcrumb\",\"itemListElement\":[{\"@type\":\"ListItem\",\"position\":1,\"name\":\"Home\",\"item\":\"https:\\\/\\\/officehunters.lt\\\/en\\\/\"},{\"@type\":\"ListItem\",\"position\":2,\"name\":\"Whishlist\"}]},{\"@type\":\"WebSite\",\"@id\":\"https:\\\/\\\/officehunters.lt\\\/en\\\/#website\",\"url\":\"https:\\\/\\\/officehunters.lt\\\/en\\\/\",\"name\":\"Office Hunters\",\"description\":\"J\u016bs\u0173 biuras \u2013 m\u016bs\u0173 r\u016bpestis!\",\"publisher\":{\"@id\":\"https:\\\/\\\/officehunters.lt\\\/en\\\/#organization\"},\"potentialAction\":[{\"@type\":\"SearchAction\",\"target\":{\"@type\":\"EntryPoint\",\"urlTemplate\":\"https:\\\/\\\/officehunters.lt\\\/en\\\/?s={search_term_string}\"},\"query-input\":{\"@type\":\"PropertyValueSpecification\",\"valueRequired\":true,\"valueName\":\"search_term_string\"}}],\"inLanguage\":\"en-US\"},{\"@type\":\"Organization\",\"@id\":\"https:\\\/\\\/officehunters.lt\\\/en\\\/#organization\",\"name\":\"Office Hunters\",\"url\":\"https:\\\/\\\/officehunters.lt\\\/en\\\/\",\"logo\":{\"@type\":\"ImageObject\",\"inLanguage\":\"en-US\",\"@id\":\"https:\\\/\\\/officehunters.lt\\\/en\\\/#\\\/schema\\\/logo\\\/image\\\/\",\"url\":\"https:\\\/\\\/officehunters.lt\\\/wp-content\\\/uploads\\\/2025\\\/07\\\/office-hunters-black-logo.svg\",\"contentUrl\":\"https:\\\/\\\/officehunters.lt\\\/wp-content\\\/uploads\\\/2025\\\/07\\\/office-hunters-black-logo.svg\",\"width\":610,\"height\":125,\"caption\":\"Office Hunters\"},\"image\":{\"@id\":\"https:\\\/\\\/officehunters.lt\\\/en\\\/#\\\/schema\\\/logo\\\/image\\\/\"},\"sameAs\":[\"https:\\\/\\\/www.facebook.com\\\/profile.php?id=61582927622258\",\"https:\\\/\\\/www.instagram.com\\\/office_hunters_lithuania\\\/\",\"https:\\\/\\\/www.linkedin.com\\\/company\\\/office-hunters-lithuania\\\/\"]}]}<\/script>\n<!-- \/ Yoast SEO plugin. -->","yoast_head_json":{"title":"Whishlist | Office Hunters","robots":{"index":"index","follow":"follow","max-snippet":"max-snippet:-1","max-image-preview":"max-image-preview:large","max-video-preview":"max-video-preview:-1"},"canonical":"https:\/\/officehunters.lt\/en\/whishlist\/","og_locale":"en_US","og_type":"article","og_title":"Whishlist | Office Hunters","og_url":"https:\/\/officehunters.lt\/en\/whishlist\/","og_site_name":"Office Hunters","article_publisher":"https:\/\/www.facebook.com\/profile.php?id=61582927622258","article_modified_time":"2025-08-15T10:58:19+00:00","og_image":[{"width":1366,"height":1272,"url":"https:\/\/officehunters.lt\/wp-content\/uploads\/2025\/07\/Office-Hunters.jpg","type":"image\/jpeg"}],"twitter_card":"summary_large_image","schema":{"@context":"https:\/\/schema.org","@graph":[{"@type":"WebPage","@id":"https:\/\/officehunters.lt\/en\/whishlist\/","url":"https:\/\/officehunters.lt\/en\/whishlist\/","name":"Whishlist | Office Hunters","isPartOf":{"@id":"https:\/\/officehunters.lt\/en\/#website"},"datePublished":"2025-07-29T08:24:39+00:00","dateModified":"2025-08-15T10:58:19+00:00","breadcrumb":{"@id":"https:\/\/officehunters.lt\/en\/whishlist\/#breadcrumb"},"inLanguage":"en-US","potentialAction":[{"@type":"ReadAction","target":["https:\/\/officehunters.lt\/en\/whishlist\/"]}]},{"@type":"BreadcrumbList","@id":"https:\/\/officehunters.lt\/en\/whishlist\/#breadcrumb","itemListElement":[{"@type":"ListItem","position":1,"name":"Home","item":"https:\/\/officehunters.lt\/en\/"},{"@type":"ListItem","position":2,"name":"Whishlist"}]},{"@type":"WebSite","@id":"https:\/\/officehunters.lt\/en\/#website","url":"https:\/\/officehunters.lt\/en\/","name":"Office Hunters","description":"J\u016bs\u0173 biuras \u2013 m\u016bs\u0173 r\u016bpestis!","publisher":{"@id":"https:\/\/officehunters.lt\/en\/#organization"},"potentialAction":[{"@type":"SearchAction","target":{"@type":"EntryPoint","urlTemplate":"https:\/\/officehunters.lt\/en\/?s={search_term_string}"},"query-input":{"@type":"PropertyValueSpecification","valueRequired":true,"valueName":"search_term_string"}}],"inLanguage":"en-US"},{"@type":"Organization","@id":"https:\/\/officehunters.lt\/en\/#organization","name":"Office Hunters","url":"https:\/\/officehunters.lt\/en\/","logo":{"@type":"ImageObject","inLanguage":"en-US","@id":"https:\/\/officehunters.lt\/en\/#\/schema\/logo\/image\/","url":"https:\/\/officehunters.lt\/wp-content\/uploads\/2025\/07\/office-hunters-black-logo.svg","contentUrl":"https:\/\/officehunters.lt\/wp-content\/uploads\/2025\/07\/office-hunters-black-logo.svg","width":610,"height":125,"caption":"Office Hunters"},"image":{"@id":"https:\/\/officehunters.lt\/en\/#\/schema\/logo\/image\/"},"sameAs":["https:\/\/www.facebook.com\/profile.php?id=61582927622258","https:\/\/www.instagram.com\/office_hunters_lithuania\/","https:\/\/www.linkedin.com\/company\/office-hunters-lithuania\/"]}]}},"_links":{"self":[{"href":"https:\/\/officehunters.lt\/en\/wp-json\/wp\/v2\/pages\/372","targetHints":{"allow":["GET"]}}],"collection":[{"href":"https:\/\/officehunters.lt\/en\/wp-json\/wp\/v2\/pages"}],"about":[{"href":"https:\/\/officehunters.lt\/en\/wp-json\/wp\/v2\/types\/page"}],"author":[{"embeddable":true,"href":"https:\/\/officehunters.lt\/en\/wp-json\/wp\/v2\/users\/1"}],"replies":[{"embeddable":true,"href":"https:\/\/officehunters.lt\/en\/wp-json\/wp\/v2\/comments?post=372"}],"version-history":[{"count":1,"href":"https:\/\/officehunters.lt\/en\/wp-json\/wp\/v2\/pages\/372\/revisions"}],"predecessor-version":[{"id":377,"href":"https:\/\/officehunters.lt\/en\/wp-json\/wp\/v2\/pages\/372\/revisions\/377"}],"wp:attachment":[{"href":"https:\/\/officehunters.lt\/en\/wp-json\/wp\/v2\/media?parent=372"}],"curies":[{"name":"wp","href":"https:\/\/api.w.org\/{rel}","templated":true}]}}